{"id":3662,"date":"2023-01-17T22:13:56","date_gmt":"2023-01-17T22:13:56","guid":{"rendered":"https:\/\/20212024.balancan.gob.mx\/blog\/?page_id=3662"},"modified":"2023-12-08T16:19:35","modified_gmt":"2023-12-08T16:19:35","slug":"reglas-de-operacion-2023","status":"publish","type":"page","link":"https:\/\/20212024.balancan.gob.mx\/blog\/reglas-de-operacion-2023\/","title":{"rendered":"reglas de operacion 2023"},"content":{"rendered":"\t\t<div data-elementor-type=\"wp-page\" data-elementor-id=\"3662\" class=\"elementor elementor-3662\">\n\t\t\t\t\t\t<section class=\"elementor-section elementor-top-section elementor-element elementor-element-f03d4cf elementor-section-boxed elementor-section-height-default elementor-section-height-default\" data-id=\"f03d4cf\" data-element_type=\"section\" data-e-type=\"section\">\n\t\t\t\t\t\t<div class=\"elementor-container elementor-column-gap-default\">\n\t\t\t\t\t<div class=\"elementor-column elementor-col-100 elementor-top-column elementor-element elementor-element-048592e\" data-id=\"048592e\" data-element_type=\"column\" data-e-type=\"column\">\n\t\t\t<div class=\"elementor-widget-wrap elementor-element-populated\">\n\t\t\t\t\t\t<div class=\"elementor-element elementor-element-f3b09a0 elementor-widget elementor-widget-heading\" data-id=\"f3b09a0\" data-element_type=\"widget\" data-e-type=\"widget\" data-widget_type=\"heading.default\">\n\t\t\t\t<div class=\"elementor-widget-container\">\n\t\t\t\t\t<h2 class=\"elementor-heading-title elementor-size-default\">Reglas De Operaci\u00f3n 2023<\/h2>\t\t\t\t<\/div>\n\t\t\t\t<\/div>\n\t\t\t\t\t<\/div>\n\t\t<\/div>\n\t\t\t\t\t<\/div>\n\t\t<\/section>\n\t\t\t\t<section class=\"elementor-section elementor-top-section elementor-element elementor-element-5781479 elementor-section-boxed elementor-section-height-default elementor-section-height-default\" data-id=\"5781479\" data-element_type=\"section\" data-e-type=\"section\">\n\t\t\t\t\t\t<div class=\"elementor-container elementor-column-gap-default\">\n\t\t\t\t\t<div class=\"elementor-column elementor-col-100 elementor-top-column elementor-element elementor-element-232a840\" data-id=\"232a840\" data-element_type=\"column\" data-e-type=\"column\">\n\t\t\t<div class=\"elementor-widget-wrap elementor-element-populated\">\n\t\t\t\t\t\t<div class=\"elementor-element elementor-element-ad7a19b elementor-widget elementor-widget-html\" data-id=\"ad7a19b\" data-element_type=\"widget\" data-e-type=\"widget\" data-widget_type=\"html.default\">\n\t\t\t\t<div class=\"elementor-widget-container\">\n\t\t\t\t\t<table class=\"table table-bordered\">\r\n<tbody>\r\n<tr class=\"titulo\">\r\n<td class=\"info\" width=\"180\"><strong>Descripci\u00f3n:<\/strong><\/td>\r\n<td class=\"default\">Regla de Operaci\u00f3n Torneo de Pesca Balanc\u00e1n 2023<\/td>\r\n<\/tr>\r\n<tr class=\"titulo\">\r\n<td class=\"info\" width=\"180\"><strong>Documento:<\/strong><\/td>\r\n<td class=\"default\"><a href=\"https:\/\/20212024.balancan.gob.mx\/blog\/wp-content\/uploads\/2023\/03\/Regla-de-Operacion-Torneo-de-Pesca-Balancan-2023.pdf\" target=\"_blank\" rel=\"noopener\"><img decoding=\"async\" class=\"img-responsive\" src=\"https:\/\/20212024.balancan.gob.mx\/blog\/wp-content\/uploads\/2023\/01\/pdflogo-1.png\" width=\"36\" height=\"36\" \/><\/a><\/td>\r\n<\/tr>\r\n<tr class=\"titulo\">\r\n<td class=\"info\" width=\"180\"><strong>Fecha de Actualizaci\u00f3n:<\/strong><\/td>\r\n<td class=\"default\">01\/01\/2023<\/td>\r\n<\/tr>\r\n\r\n<tr class=\"titulo\">\r\n<td class=\"info\" width=\"180\"><strong>Descripci\u00f3n:<\/strong><\/td>\r\n<td class=\"default\">REGLAS DE OPERACION DEL CARNAVAL 2023<\/td>\r\n<\/tr>\r\n<tr class=\"titulo\">\r\n<td class=\"info\" width=\"180\"><strong>Documento:<\/strong><\/td>\r\n<td class=\"default\"><a href=\"https:\/\/20212024.balancan.gob.mx\/blog\/wp-content\/uploads\/2023\/03\/REGLAS-DE-OPERACION-DEL-CARNAVAL-2023.pdf\" target=\"_blank\" rel=\"noopener\"><img decoding=\"async\" class=\"img-responsive\" src=\"https:\/\/20212024.balancan.gob.mx\/blog\/wp-content\/uploads\/2023\/01\/pdflogo-1.png\" width=\"36\" height=\"36\" \/><\/a><\/td>\r\n<\/tr>\r\n<tr class=\"titulo\">\r\n<td class=\"info\" width=\"180\"><strong>Fecha de Actualizaci\u00f3n:<\/strong><\/td>\r\n<td class=\"default\">01\/01\/2023<\/td>\r\n<\/tr>\r\n\r\n<tr class=\"titulo\">\r\n<td class=\"info\" width=\"180\"><strong>Descripci\u00f3n:<\/strong><\/td>\r\n<td class=\"default\">REGLAS DE OPERACION PARA EL DIA DE REYES 2023<\/td>\r\n<\/tr>\r\n<tr class=\"titulo\">\r\n<td class=\"info\" width=\"180\"><strong>Documento:<\/strong><\/td>\r\n<td class=\"default\"><a href=\"https:\/\/20212024.balancan.gob.mx\/blog\/wp-content\/uploads\/2023\/03\/REGLAS-DE-OPERACION-PARA-EL-DIA-DE-REYES-19012023.pdf\" target=\"_blank\" rel=\"noopener\"><img decoding=\"async\" class=\"img-responsive\" src=\"https:\/\/20212024.balancan.gob.mx\/blog\/wp-content\/uploads\/2023\/01\/pdflogo-1.png\" width=\"36\" height=\"36\" \/><\/a><\/td>\r\n<\/tr>\r\n<tr class=\"titulo\">\r\n<td class=\"info\" width=\"180\"><strong>Fecha de Actualizaci\u00f3n:<\/strong><\/td>\r\n<td class=\"default\">01\/01\/2023<\/td>\r\n<\/tr>\r\n\r\n\r\n\r\n<tr class=\"titulo\">\r\n<td class=\"info\" width=\"180\"><strong>Descripci\u00f3n:<\/strong><\/td>\r\n<td class=\"default\">PROYECTO IS30-002FOMENTO AL DEPORTE DE LA DECUR MUNICIPAL<\/td>\r\n<\/tr>\r\n<tr class=\"titulo\">\r\n<td class=\"info\" width=\"180\"><strong>Documento:<\/strong><\/td>\r\n<td class=\"default\"><a href=\"https:\/\/20212024.balancan.gob.mx\/blog\/wp-content\/uploads\/2023\/04\/PROYECTO-IS30-002FOMENTO-AL-DEPORTE-DE-LA-DECUR-MUNICIPAL.pdf\" target=\"_blank\" rel=\"noopener\"><img decoding=\"async\" class=\"img-responsive\" src=\"https:\/\/20212024.balancan.gob.mx\/blog\/wp-content\/uploads\/2023\/01\/pdflogo-1.png\" width=\"36\" height=\"36\" \/><\/a><\/td>\r\n<\/tr>\r\n<tr class=\"titulo\">\r\n<td class=\"info\" width=\"180\"><strong>Fecha de Actualizaci\u00f3n:<\/strong><\/td>\r\n<td class=\"default\">01\/01\/2023<\/td>\r\n<\/tr>\r\n\r\n<tr class=\"titulo\">\r\n<td class=\"info\" width=\"180\"><strong>Descripci\u00f3n:<\/strong><\/td>\r\n<td class=\"default\">ISI-010 PROYECTOS MUNICIPALES DE EDUCACION, CULTURA Y RECREACION<\/td>\r\n<\/tr>\r\n<tr class=\"titulo\">\r\n<td class=\"info\" width=\"180\"><strong>Documento:<\/strong><\/td>\r\n<td class=\"default\"><a href=\"https:\/\/20212024.balancan.gob.mx\/blog\/wp-content\/uploads\/2023\/04\/ISI-010-PROYECTOS-MUNICIPALES-DE-EDUCACION-CULTURA-Y-RECREACION-1.pdf\" target=\"_blank\" rel=\"noopener\"><img decoding=\"async\" class=\"img-responsive\" src=\"https:\/\/20212024.balancan.gob.mx\/blog\/wp-content\/uploads\/2023\/01\/pdflogo-1.png\" width=\"36\" height=\"36\" \/><\/a><\/td>\r\n<\/tr>\r\n<tr class=\"titulo\">\r\n<td class=\"info\" width=\"180\"><strong>Fecha de Actualizaci\u00f3n:<\/strong><\/td>\r\n<td class=\"default\">01\/01\/2023<\/td>\r\n<\/tr>\r\n\r\n\r\n<tr class=\"titulo\">\r\n<td class=\"info\" width=\"180\"><strong>Descripci\u00f3n:<\/strong><\/td>\r\n<td class=\"default\">REGLAS DE OPERACIO\u0301N - DOTACIO\u0301N DE CAYUCOS A PERSONAS DE ESCASOS RECURSOS<\/td>\r\n<\/tr>\r\n<tr class=\"titulo\">\r\n<td class=\"info\" width=\"180\"><strong>Documento:<\/strong><\/td>\r\n<td class=\"default\"><a href=\"https:\/\/20212024.balancan.gob.mx\/blog\/wp-content\/uploads\/2023\/10\/Reglas-de-Operacion-Cayucos-.pdf\" target=\"_blank\" rel=\"noopener\"><img decoding=\"async\" class=\"img-responsive\" src=\"https:\/\/20212024.balancan.gob.mx\/blog\/wp-content\/uploads\/2023\/01\/pdflogo-1.png\" width=\"36\" height=\"36\" \/><\/a><\/td>\r\n<\/tr>\r\n<tr class=\"titulo\">\r\n<td class=\"info\" width=\"180\"><strong>Fecha de Actualizaci\u00f3n:<\/strong><\/td>\r\n<td class=\"default\">01\/03\/2023<\/td>\r\n<\/tr>\r\n\r\n\r\n<tr class=\"titulo\">\r\n<td class=\"info\" width=\"180\"><strong>Descripci\u00f3n:<\/strong><\/td>\r\n<td class=\"default\">REGLAS DE OPERACIO\u0301N - PROGRAMA DE CERDITOS PARA LA ENGORDA (M) Y PIE DE CRI\u0301A (H) (PRIMERA ETAPA)<\/td>\r\n<\/tr>\r\n<tr class=\"titulo\">\r\n<td class=\"info\" width=\"180\"><strong>Documento:<\/strong><\/td>\r\n<td class=\"default\"><a href=\"https:\/\/20212024.balancan.gob.mx\/blog\/wp-content\/uploads\/2023\/04\/REGLAS-DE-OPERACION-PROGRAMA-DE-CERDITOS-PARA-LA-ENGORDA-M-Y-PIE-DE-CRIA-H-PRIMERA-ETAPA.pdf\" target=\"_blank\" rel=\"noopener\"><img decoding=\"async\" class=\"img-responsive\" src=\"https:\/\/20212024.balancan.gob.mx\/blog\/wp-content\/uploads\/2023\/01\/pdflogo-1.png\" width=\"36\" height=\"36\" \/><\/a><\/td>\r\n<\/tr>\r\n<tr class=\"titulo\">\r\n<td class=\"info\" width=\"180\"><strong>Fecha de Actualizaci\u00f3n:<\/strong><\/td>\r\n<td class=\"default\">01\/01\/2023<\/td>\r\n<\/tr>\r\n\r\n<tr class=\"titulo\">\r\n<td class=\"info\" width=\"180\"><strong>Descripci\u00f3n:<\/strong><\/td>\r\n<td class=\"default\">Regla de operaci\u00f3n Feria San Marcos 2023<\/td>\r\n<\/tr>\r\n<tr class=\"titulo\">\r\n<td class=\"info\" width=\"180\"><strong>Documento:<\/strong><\/td>\r\n<td class=\"default\"><a href=\"https:\/\/20212024.balancan.gob.mx\/blog\/wp-content\/uploads\/2023\/04\/Regla-de-operacion-Feria-San-Marcos-2023.pdf\" target=\"_blank\" rel=\"noopener\"><img decoding=\"async\" class=\"img-responsive\" src=\"https:\/\/20212024.balancan.gob.mx\/blog\/wp-content\/uploads\/2023\/01\/pdflogo-1.png\" width=\"36\" height=\"36\" \/><\/a><\/td>\r\n<\/tr>\r\n<tr class=\"titulo\">\r\n<td class=\"info\" width=\"180\"><strong>Fecha de Actualizaci\u00f3n:<\/strong><\/td>\r\n<td class=\"default\">01\/01\/2023<\/td>\r\n<\/tr>\r\n\r\n\r\n\r\n<tr class=\"titulo\">\r\n<td class=\"info\" width=\"180\"><strong>Descripci\u00f3n:<\/strong><\/td>\r\n<td class=\"default\">CELEBRACION DEL DIA DEL NI\u00d1O DIF<\/td>\r\n<\/tr>\r\n<tr class=\"titulo\">\r\n<td class=\"info\" width=\"180\"><strong>Documento:<\/strong><\/td>\r\n<td class=\"default\"><a href=\"https:\/\/20212024.balancan.gob.mx\/blog\/wp-content\/uploads\/2023\/04\/CELEBRACION-DEL-DIA-DEL-NINO-DIF.pdf\" target=\"_blank\" rel=\"noopener\"><img decoding=\"async\" class=\"img-responsive\" src=\"https:\/\/20212024.balancan.gob.mx\/blog\/wp-content\/uploads\/2023\/01\/pdflogo-1.png\" width=\"36\" height=\"36\" \/><\/a><\/td>\r\n<\/tr>\r\n<tr class=\"titulo\">\r\n<td class=\"info\" width=\"180\"><strong>Fecha de Actualizaci\u00f3n:<\/strong><\/td>\r\n<td class=\"default\">01\/01\/2023<\/td>\r\n<\/tr>\r\n\r\n\r\n<tr class=\"titulo\">\r\n<td class=\"info\" width=\"180\"><strong>Descripci\u00f3n:<\/strong><\/td>\r\n<td class=\"default\">Regla de Operaci\u00f3n Feria Tabasco 2023<\/td>\r\n<\/tr>\r\n<tr class=\"titulo\">\r\n<td class=\"info\" width=\"180\"><strong>Documento:<\/strong><\/td>\r\n<td class=\"default\"><a href=\"https:\/\/20212024.balancan.gob.mx\/blog\/wp-content\/uploads\/2023\/04\/Regla-de-Operacion-Feria-Tabasco-2023.pdf\" target=\"_blank\" rel=\"noopener\"><img decoding=\"async\" class=\"img-responsive\" src=\"https:\/\/20212024.balancan.gob.mx\/blog\/wp-content\/uploads\/2023\/01\/pdflogo-1.png\" width=\"36\" height=\"36\" \/><\/a><\/td>\r\n<\/tr>\r\n<tr class=\"titulo\">\r\n<td class=\"info\" width=\"180\"><strong>Fecha de Actualizaci\u00f3n:<\/strong><\/td>\r\n<td class=\"default\">01\/01\/2023<\/td>\r\n<\/tr>\r\n\r\n<tr class=\"titulo\">\r\n<td class=\"info\" width=\"180\"><strong>Descripci\u00f3n:<\/strong><\/td>\r\n<td class=\"default\">REGLAS DE OPERACION FESTEJO DEL DIA DEL MAESTRO<\/td>\r\n<\/tr>\r\n<tr class=\"titulo\">\r\n<td class=\"info\" width=\"180\"><strong>Documento:<\/strong><\/td>\r\n<td class=\"default\"><a href=\"https:\/\/20212024.balancan.gob.mx\/blog\/wp-content\/uploads\/2023\/05\/REGLAS-DE-OPERACION-FESTEJO-DEL-DIA-DEL-MAESTRO.pdf\" target=\"_blank\" rel=\"noopener\"><img decoding=\"async\" class=\"img-responsive\" src=\"https:\/\/20212024.balancan.gob.mx\/blog\/wp-content\/uploads\/2023\/01\/pdflogo-1.png\" width=\"36\" height=\"36\" \/><\/a><\/td>\r\n<\/tr>\r\n<tr class=\"titulo\">\r\n<td class=\"info\" width=\"180\"><strong>Fecha de Actualizaci\u00f3n:<\/strong><\/td>\r\n<td class=\"default\">Segundo trimestre 2023<\/td>\r\n<\/tr>\r\n\r\n<tr class=\"titulo\">\r\n<td class=\"info\" width=\"180\"><strong>Descripci\u00f3n:<\/strong><\/td>\r\n<td class=\"default\">REGLAS DE OPERACION LAMINAS 2023<\/td>\r\n<\/tr>\r\n<tr class=\"titulo\">\r\n<td class=\"info\" width=\"180\"><strong>Documento:<\/strong><\/td>\r\n<td class=\"default\"><a href=\"https:\/\/20212024.balancan.gob.mx\/blog\/wp-content\/uploads\/2023\/08\/reglasoperacion_laminas_2023.pdf\" target=\"_blank\" rel=\"noopener\"><img decoding=\"async\" class=\"img-responsive\" src=\"https:\/\/20212024.balancan.gob.mx\/blog\/wp-content\/uploads\/2023\/01\/pdflogo-1.png\" width=\"36\" height=\"36\" \/><\/a><\/td>\r\n<\/tr>\r\n<tr class=\"titulo\">\r\n<td class=\"info\" width=\"180\"><strong>Fecha de Actualizaci\u00f3n:<\/strong><\/td>\r\n<td class=\"default\">Segundo trimestre 2023<\/td>\r\n<\/tr>\r\n\r\n<tr class=\"titulo\">\r\n<td class=\"info\" width=\"180\"><strong>Descripci\u00f3n:<\/strong><\/td>\r\n<td class=\"default\">REGLAS DE OPERACION FESTEJO DEL DIA DE LAS MADRES<\/td>\r\n<\/tr>\r\n<tr class=\"titulo\">\r\n<td class=\"info\" width=\"180\"><strong>Documento:<\/strong><\/td>\r\n<td class=\"default\"><a href=\"https:\/\/20212024.balancan.gob.mx\/blog\/wp-content\/uploads\/2023\/05\/CamScanner-05-05-2023-16.15.pdf\" target=\"_blank\" rel=\"noopener\"><img decoding=\"async\" class=\"img-responsive\" src=\"https:\/\/20212024.balancan.gob.mx\/blog\/wp-content\/uploads\/2023\/01\/pdflogo-1.png\" width=\"36\" height=\"36\" \/><\/a><\/td>\r\n<\/tr>\r\n<tr class=\"titulo\">\r\n<td class=\"info\" width=\"180\"><strong>Fecha de Actualizaci\u00f3n:<\/strong><\/td>\r\n<td class=\"default\">Segundo trimestre 2023<\/td>\r\n<\/tr>\r\n\r\n<tr class=\"titulo\">\r\n<td class=\"info\" width=\"180\"><strong>Descripci\u00f3n:<\/strong><\/td>\r\n<td class=\"default\">ISP-013 DOTACION DE UTILES ESCOLARES PARA ALUMNOS DE EDUCACION BASICA<\/td>\r\n<\/tr>\r\n<tr class=\"titulo\">\r\n<td class=\"info\" width=\"180\"><strong>Documento:<\/strong><\/td>\r\n<td class=\"default\"><a href=\"https:\/\/20212024.balancan.gob.mx\/blog\/wp-content\/uploads\/2023\/09\/ISP-013-DOTACION-DE-UTILES-ESCOLARES-PARA-ALUMNOS-DE-EDUCACION-BASICA.pdf\" target=\"_blank\" rel=\"noopener\"><img decoding=\"async\" class=\"img-responsive\" src=\"https:\/\/20212024.balancan.gob.mx\/blog\/wp-content\/uploads\/2023\/01\/pdflogo-1.png\" width=\"36\" height=\"36\" \/><\/a><\/td>\r\n<\/tr>\r\n<tr class=\"titulo\">\r\n<td class=\"info\" width=\"180\"><strong>Fecha de Actualizaci\u00f3n:<\/strong><\/td>\r\n<td class=\"default\">Segundo trimestre 2023<\/td>\r\n<\/tr>\r\n\r\n\r\n<tr class=\"titulo\">\r\n<td class=\"info\" width=\"180\"><strong>Descripci\u00f3n:<\/strong><\/td>\r\n<td class=\"default\">Reglas de operacio\u0301n DAM<\/td>\r\n<\/tr>\r\n<tr class=\"titulo\">\r\n<td class=\"info\" width=\"180\"><strong>Documento:<\/strong><\/td>\r\n<td class=\"default\"><a href=\"https:\/\/20212024.balancan.gob.mx\/blog\/wp-content\/uploads\/2023\/09\/Reglas-de-operacion-DAM.pdf\" target=\"_blank\" rel=\"noopener\"><img decoding=\"async\" class=\"img-responsive\" src=\"https:\/\/20212024.balancan.gob.mx\/blog\/wp-content\/uploads\/2023\/01\/pdflogo-1.png\" width=\"36\" height=\"36\" \/><\/a><\/td>\r\n<\/tr>\r\n<tr class=\"titulo\">\r\n<td class=\"info\" width=\"180\"><strong>Fecha de Actualizaci\u00f3n:<\/strong><\/td>\r\n<td class=\"default\">Segundo trimestre 2023<\/td>\r\n<\/tr>\r\n\r\n<tr class=\"titulo\">\r\n<td class=\"info\" width=\"180\"><strong>Descripci\u00f3n:<\/strong><\/td>\r\n<td class=\"default\">Regla de Operacion Pesca San Pedro 2023M<\/td>\r\n<\/tr>\r\n<tr class=\"titulo\">\r\n<td class=\"info\" width=\"180\"><strong>Documento:<\/strong><\/td>\r\n<td class=\"default\"><a href=\"https:\/\/20212024.balancan.gob.mx\/blog\/wp-content\/uploads\/2023\/09\/Reglas-de-operacion-DAM.pdf\" target=\"_blank\" rel=\"noopener\"><img decoding=\"async\" class=\"img-responsive\" src=\"https:\/\/20212024.balancan.gob.mx\/blog\/wp-content\/uploads\/2023\/01\/pdflogo-1.png\" width=\"36\" height=\"36\" \/><\/a><\/td>\r\n<\/tr>\r\n<tr class=\"titulo\">\r\n<td class=\"info\" width=\"180\"><strong>Fecha de Actualizaci\u00f3n:<\/strong><\/td>\r\n<td class=\"default\">Segundo trimestre 2023<\/td>\r\n<\/tr>\r\n\r\n\r\n<tr class=\"titulo\">\r\n<td class=\"info\" width=\"180\"><strong>Descripci\u00f3n:<\/strong><\/td>\r\n<td class=\"default\">Regla de Operacion Pesca San Pedro 2023M<\/td>\r\n<\/tr>\r\n<tr class=\"titulo\">\r\n<td class=\"info\" width=\"180\"><strong>Documento:<\/strong><\/td>\r\n<td class=\"default\"><a href=\"https:\/\/20212024.balancan.gob.mx\/blog\/wp-content\/uploads\/2023\/09\/Regla-de-Operacion-Pesca-San-Pedro-2023.pdf\" target=\"_blank\" rel=\"noopener\"><img decoding=\"async\" class=\"img-responsive\" src=\"https:\/\/20212024.balancan.gob.mx\/blog\/wp-content\/uploads\/2023\/01\/pdflogo-1.png\" width=\"36\" height=\"36\" \/><\/a><\/td>\r\n<\/tr>\r\n<tr class=\"titulo\">\r\n<td class=\"info\" width=\"180\"><strong>Fecha de Actualizaci\u00f3n:<\/strong><\/td>\r\n<td class=\"default\">Segundo trimestre 2023<\/td>\r\n<\/tr>\r\n\r\n\r\n<tr class=\"titulo\">\r\n<td class=\"info\" width=\"180\"><strong>Descripci\u00f3n:<\/strong><\/td>\r\n<td class=\"default\">REGLAS DE OPERACION FIESTAS PATRIAS 2023<\/td>\r\n<\/tr>\r\n<tr class=\"titulo\">\r\n<td class=\"info\" width=\"180\"><strong>Documento:<\/strong><\/td>\r\n<td class=\"default\"><a href=\"https:\/\/20212024.balancan.gob.mx\/blog\/wp-content\/uploads\/2023\/09\/REGLAS-DE-OPERACION-FIESTAS-PATRIAS-2023.pdf\" target=\"_blank\" rel=\"noopener\"><img decoding=\"async\" class=\"img-responsive\" src=\"https:\/\/20212024.balancan.gob.mx\/blog\/wp-content\/uploads\/2023\/01\/pdflogo-1.png\" width=\"36\" height=\"36\" \/><\/a><\/td>\r\n<\/tr>\r\n<tr class=\"titulo\">\r\n<td class=\"info\" width=\"180\"><strong>Fecha de Actualizaci\u00f3n:<\/strong><\/td>\r\n<td class=\"default\">Segundo trimestre 2023<\/td>\r\n<\/tr>\r\n\r\n\r\n<tr class=\"titulo\">\r\n<td class=\"info\" width=\"180\"><strong>Descripci\u00f3n:<\/strong><\/td>\r\n<td class=\"default\">REGLAS DE OPERACION APOYO CON DESMALESADORA A CAMPESINOS DE BALANCAN 2023<\/td>\r\n<\/tr>\r\n<tr class=\"titulo\">\r\n<td class=\"info\" width=\"180\"><strong>Documento:<\/strong><\/td>\r\n<td class=\"default\"><a href=\"https:\/\/20212024.balancan.gob.mx\/blog\/wp-content\/uploads\/2023\/09\/CamScanner-18-09-2023-20.44.pdf\" target=\"_blank\" rel=\"noopener\"><img decoding=\"async\" class=\"img-responsive\" src=\"https:\/\/20212024.balancan.gob.mx\/blog\/wp-content\/uploads\/2023\/01\/pdflogo-1.png\" width=\"36\" height=\"36\" \/><\/a><\/td>\r\n<\/tr>\r\n<tr class=\"titulo\">\r\n<td class=\"info\" width=\"180\"><strong>Fecha de Actualizaci\u00f3n:<\/strong><\/td>\r\n<td class=\"default\">Segundo trimestre 2023<\/td>\r\n<\/tr>\r\n\r\n\r\n\r\n<tr class=\"titulo\">\r\n<td class=\"info\" width=\"180\"><strong>Descripci\u00f3n:<\/strong><\/td>\r\n<td class=\"default\">REGLA DE OPERACION LECHE SUBSIDIADA<\/td>\r\n<\/tr>\r\n<tr class=\"titulo\">\r\n<td class=\"info\" width=\"180\"><strong>Documento:<\/strong><\/td>\r\n<td class=\"default\"><a href=\"https:\/\/20212024.balancan.gob.mx\/blog\/wp-content\/uploads\/2023\/10\/REGLA-DE-OPERACION-LECHE-SUBSIDIADA.pdf\"><img decoding=\"async\" class=\"img-responsive\" src=\"https:\/\/20212024.balancan.gob.mx\/blog\/wp-content\/uploads\/2023\/01\/pdflogo-1.png\" width=\"36\" height=\"36\" \/><\/a><\/td>\r\n<\/tr>\r\n<tr class=\"titulo\">\r\n<td class=\"info\" width=\"180\"><strong>Fecha de Actualizaci\u00f3n:<\/strong><\/td>\r\n<td class=\"default\">Segundo trimestre 2023<\/td>\r\n<\/tr>\r\n\r\n\r\n<tr class=\"titulo\">\r\n<td class=\"info\" width=\"180\"><strong>Descripci\u00f3n:<\/strong><\/td>\r\n<td class=\"default\">RR.O. ALTARES<\/td>\r\n<\/tr>\r\n<tr class=\"titulo\">\r\n<td class=\"info\" width=\"180\"><strong>Documento:<\/strong><\/td>\r\n<td class=\"default\"><a href=\"https:\/\/20212024.balancan.gob.mx\/blog\/wp-content\/uploads\/2023\/11\/R.O.-ALTARES.pdf\"><img decoding=\"async\" class=\"img-responsive\" src=\"https:\/\/20212024.balancan.gob.mx\/blog\/wp-content\/uploads\/2023\/01\/pdflogo-1.png\" width=\"36\" height=\"36\" \/><\/a><\/td>\r\n<\/tr>\r\n<tr class=\"titulo\">\r\n<td class=\"info\" width=\"180\"><strong>Fecha de Actualizaci\u00f3n:<\/strong><\/td>\r\n<td class=\"default\">Segundo trimestre 2023<\/td>\r\n<\/tr>\r\n\r\n<tr class=\"titulo\">\r\n<td class=\"info\" width=\"180\"><strong>Descripci\u00f3n:<\/strong><\/td>\r\n<td class=\"default\">REGLAS DE OPERACI\u00d3N DEL PROYECTO ISR-013 ADORNOS NAVIDE\u00d1OS<\/td>\r\n<\/tr>\r\n<tr class=\"titulo\">\r\n<td class=\"info\" width=\"180\"><strong>Documento:<\/strong><\/td>\r\n<td class=\"default\"><a href=\"https:\/\/20212024.balancan.gob.mx\/blog\/wp-content\/uploads\/2023\/12\/escaner-.pdf\"><img decoding=\"async\" class=\"img-responsive\" src=\"https:\/\/20212024.balancan.gob.mx\/blog\/wp-content\/uploads\/2023\/01\/pdflogo-1.png\" width=\"36\" height=\"36\" \/><\/a><\/td>\r\n<\/tr>\r\n<tr class=\"titulo\">\r\n<td class=\"info\" width=\"180\"><strong>Fecha de Actualizaci\u00f3n:<\/strong><\/td>\r\n<td class=\"default\">Segundo trimestre 2023<\/td>\r\n<\/tr>\r\n\r\n\r\n<\/tbody>\r\n<\/table>\t\t\t\t<\/div>\n\t\t\t\t<\/div>\n\t\t\t\t\t<\/div>\n\t\t<\/div>\n\t\t\t\t\t<\/div>\n\t\t<\/section>\n\t\t\t\t<\/div>\n\t\t","protected":false},"excerpt":{"rendered":"<p>Reglas De Operaci\u00f3n 2023 Descripci\u00f3n: Regla de Operaci\u00f3n Torneo de Pesca Balanc\u00e1n 2023 Documento: Fecha de Actualizaci\u00f3n: 01\/01\/2023 Descripci\u00f3n: REGLAS DE OPERACION DEL CARNAVAL 2023 Documento: Fecha de Actualizaci\u00f3n: 01\/01\/2023 Descripci\u00f3n: REGLAS DE OPERACION PARA EL DIA DE REYES 2023 Documento: Fecha de Actualizaci\u00f3n: 01\/01\/2023 Descripci\u00f3n: PROYECTO IS30-002FOMENTO AL DEPORTE DE LA DECUR MUNICIPAL Documento: [&hellip;]<\/p>\n","protected":false},"author":1,"featured_media":0,"parent":0,"menu_order":0,"comment_status":"closed","ping_status":"closed","template":"","meta":{"site-sidebar-layout":"no-sidebar","site-content-layout":"page-builder","ast-site-content-layout":"default","site-content-style":"default","site-sidebar-style":"default","ast-global-header-display":"","ast-banner-title-visibility":"","ast-main-header-display":"","ast-hfb-above-header-display":"","ast-hfb-below-header-display":"","ast-hfb-mobile-header-display":"","site-post-title":"disabled","ast-breadcrumbs-content":"","ast-featured-img":"disabled","footer-sml-layout":"","ast-disable-related-posts":"","theme-transparent-header-meta":"","adv-header-id-meta":"","stick-header-meta":"","header-above-stick-meta":"","header-main-stick-meta":"","header-below-stick-meta":"","astra-migrate-meta-layouts":"default","ast-page-background-enabled":"default","ast-page-background-meta":{"desktop":{"background-color":"","background-image":"","background-repeat":"repeat","background-position":"center center","background-size":"auto","background-attachment":"scroll","background-type":"","background-media":"","overlay-type":"","overlay-color":"","overlay-opacity":"","overlay-gradient":""},"tablet":{"background-color":"","background-image":"","background-repeat":"repeat","background-position":"center center","background-size":"auto","background-attachment":"scroll","background-type":"","background-media":"","overlay-type":"","overlay-color":"","overlay-opacity":"","overlay-gradient":""},"mobile":{"background-color":"","background-image":"","background-repeat":"repeat","background-position":"center center","background-size":"auto","background-attachment":"scroll","background-type":"","background-media":"","overlay-type":"","overlay-color":"","overlay-opacity":"","overlay-gradient":""}},"ast-content-background-meta":{"desktop":{"background-color":"var(--ast-global-color-5)","background-image":"","background-repeat":"repeat","background-position":"center center","background-size":"auto","background-attachment":"scroll","background-type":"","background-media":"","overlay-type":"","overlay-color":"","overlay-opacity":"","overlay-gradient":""},"tablet":{"background-color":"var(--ast-global-color-5)","background-image":"","background-repeat":"repeat","background-position":"center center","background-size":"auto","background-attachment":"scroll","background-type":"","background-media":"","overlay-type":"","overlay-color":"","overlay-opacity":"","overlay-gradient":""},"mobile":{"background-color":"var(--ast-global-color-5)","background-image":"","background-repeat":"repeat","background-position":"center center","background-size":"auto","background-attachment":"scroll","background-type":"","background-media":"","overlay-type":"","overlay-color":"","overlay-opacity":"","overlay-gradient":""}},"footnotes":""},"class_list":["post-3662","page","type-page","status-publish","hentry"],"_links":{"self":[{"href":"https:\/\/20212024.balancan.gob.mx\/blog\/wp-json\/wp\/v2\/pages\/3662","targetHints":{"allow":["GET"]}}],"collection":[{"href":"https:\/\/20212024.balancan.gob.mx\/blog\/wp-json\/wp\/v2\/pages"}],"about":[{"href":"https:\/\/20212024.balancan.gob.mx\/blog\/wp-json\/wp\/v2\/types\/page"}],"author":[{"embeddable":true,"href":"https:\/\/20212024.balancan.gob.mx\/blog\/wp-json\/wp\/v2\/users\/1"}],"replies":[{"embeddable":true,"href":"https:\/\/20212024.balancan.gob.mx\/blog\/wp-json\/wp\/v2\/comments?post=3662"}],"version-history":[{"count":130,"href":"https:\/\/20212024.balancan.gob.mx\/blog\/wp-json\/wp\/v2\/pages\/3662\/revisions"}],"predecessor-version":[{"id":4631,"href":"https:\/\/20212024.balancan.gob.mx\/blog\/wp-json\/wp\/v2\/pages\/3662\/revisions\/4631"}],"wp:attachment":[{"href":"https:\/\/20212024.balancan.gob.mx\/blog\/wp-json\/wp\/v2\/media?parent=3662"}],"curies":[{"name":"wp","href":"https:\/\/api.w.org\/{rel}","templated":true}]}}