{"id":4198,"date":"2023-06-07T03:50:50","date_gmt":"2023-06-07T03:50:50","guid":{"rendered":"https:\/\/20212024.balancan.gob.mx\/blog\/?page_id=4198"},"modified":"2025-04-29T22:18:35","modified_gmt":"2025-04-29T22:18:35","slug":"i-cuenta-publica","status":"publish","type":"page","link":"https:\/\/20212024.balancan.gob.mx\/blog\/i-cuenta-publica\/","title":{"rendered":"I. Cuenta p\u00fablica"},"content":{"rendered":"\t\t<div data-elementor-type=\"wp-page\" data-elementor-id=\"4198\" class=\"elementor elementor-4198\">\n\t\t\t\t\t\t<section class=\"elementor-section elementor-top-section elementor-element elementor-element-8a3fde7 elementor-section-boxed elementor-section-height-default elementor-section-height-default\" data-id=\"8a3fde7\" data-element_type=\"section\" data-e-type=\"section\">\n\t\t\t\t\t\t<div class=\"elementor-container elementor-column-gap-default\">\n\t\t\t\t\t<div class=\"elementor-column elementor-col-100 elementor-top-column elementor-element elementor-element-e89d8f5\" data-id=\"e89d8f5\" data-element_type=\"column\" data-e-type=\"column\">\n\t\t\t<div class=\"elementor-widget-wrap\">\n\t\t\t\t\t\t\t<\/div>\n\t\t<\/div>\n\t\t\t\t\t<\/div>\n\t\t<\/section>\n\t\t\t\t<section class=\"elementor-section elementor-top-section elementor-element elementor-element-f645921 elementor-section-boxed elementor-section-height-default elementor-section-height-default\" data-id=\"f645921\" data-element_type=\"section\" data-e-type=\"section\">\n\t\t\t\t\t\t<div class=\"elementor-container elementor-column-gap-default\">\n\t\t\t\t\t<div class=\"elementor-column elementor-col-100 elementor-top-column elementor-element elementor-element-ef3ac2c\" data-id=\"ef3ac2c\" data-element_type=\"column\" data-e-type=\"column\">\n\t\t\t<div class=\"elementor-widget-wrap elementor-element-populated\">\n\t\t\t\t\t\t<div class=\"elementor-element elementor-element-f2d3f3d elementor-widget elementor-widget-heading\" data-id=\"f2d3f3d\" data-element_type=\"widget\" data-e-type=\"widget\" data-widget_type=\"heading.default\">\n\t\t\t\t<div class=\"elementor-widget-container\">\n\t\t\t\t\t<h2 class=\"elementor-heading-title elementor-size-default\">I. Cuenta p\u00fablica<\/h2>\t\t\t\t<\/div>\n\t\t\t\t<\/div>\n\t\t\t\t<div class=\"elementor-element elementor-element-a82108f elementor-widget elementor-widget-html\" data-id=\"a82108f\" data-element_type=\"widget\" data-e-type=\"widget\" data-widget_type=\"html.default\">\n\t\t\t\t<div class=\"elementor-widget-container\">\n\t\t\t\t\t<table class=\"table table-bordered\">\r\n<tbody>\r\n<tr class=\"titulo\">\r\n<td class=\"info\" width=\"180\"><strong>Descripci\u00f3n:<\/strong><\/td>\r\n<td class=\"default\">Cuenta P\u00fablica 4to Trimestre Anual<\/td>\r\n<\/tr>\r\n<tr class=\"titulo\">\r\n<td class=\"info\" width=\"180\"><strong>Documento:<\/strong><\/td>\r\n<td class=\"default\"><a href=\"https:\/\/transparencia20212024.balancan.gob.mx\/wp-content\/uploads\/2024\/informacion_financiera\/4to_trimestre\/I_cuenta_publica\/cuenta_publica_anual_2024.pdf\" target=\"_blank\" rel=\"noopener\"><img decoding=\"async\" class=\"img-responsive\" src=\"https:\/\/20212024.balancan.gob.mx\/blog\/wp-content\/uploads\/2023\/01\/pdflogo-1.png\" width=\"36\" height=\"36\" \/><\/a><\/td>\r\n<\/tr>\r\n<tr class=\"titulo\">\r\n<td class=\"info\" width=\"180\"><strong>Fecha de Actualizaci\u00f3n:<\/strong><\/td>\r\n<td class=\"default\">30\/01\/2025<\/td>\r\n<\/tr>\r\n\r\n\r\n\r\n\r\n<\/tbody>\r\n<\/table>\t\t\t\t<\/div>\n\t\t\t\t<\/div>\n\t\t\t\t<div class=\"elementor-element elementor-element-c735d2a elementor-widget elementor-widget-html\" data-id=\"c735d2a\" data-element_type=\"widget\" data-e-type=\"widget\" data-widget_type=\"html.default\">\n\t\t\t\t<div class=\"elementor-widget-container\">\n\t\t\t\t\t<table class=\"table table-bordered\">\r\n<tbody>\r\n<tr class=\"titulo\">\r\n<td class=\"info\" width=\"180\"><strong>Descripci\u00f3n:<\/strong><\/td>\r\n<td class=\"default\">Deuda P\u00fablica 3er Trimestre<\/td>\r\n<\/tr>\r\n<tr class=\"titulo\">\r\n<td class=\"info\" width=\"180\"><strong>Documento:<\/strong><\/td>\r\n<td class=\"default\"><a href=\"https:\/\/transparencia20212024.balancan.gob.mx\/wp-content\/uploads\/2024\/informacion_financiera\/3er_trimestre\/XXII-Deuda-Publica-3T-2024.pdf\" target=\"_blank\" rel=\"noopener\"><img decoding=\"async\" class=\"img-responsive\" src=\"https:\/\/20212024.balancan.gob.mx\/blog\/wp-content\/uploads\/2023\/01\/pdflogo-1.png\" width=\"36\" height=\"36\" \/><\/a><\/td>\r\n<\/tr>\r\n<tr class=\"titulo\">\r\n<td class=\"info\" width=\"180\"><strong>Fecha de Actualizaci\u00f3n:<\/strong><\/td>\r\n<td class=\"default\">24\/10\/2024<\/td>\r\n<\/tr>\r\n\r\n\r\n\r\n\r\n<\/tbody>\r\n<\/table>\t\t\t\t<\/div>\n\t\t\t\t<\/div>\n\t\t\t\t<div class=\"elementor-element elementor-element-45a25ee elementor-widget elementor-widget-html\" data-id=\"45a25ee\" data-element_type=\"widget\" data-e-type=\"widget\" data-widget_type=\"html.default\">\n\t\t\t\t<div class=\"elementor-widget-container\">\n\t\t\t\t\t<table class=\"table table-bordered\">\r\n<tbody>\r\n<tr class=\"titulo\">\r\n<td class=\"info\" width=\"180\"><strong>Descripci\u00f3n:<\/strong><\/td>\r\n<td class=\"default\">Cuenta P\u00fablica 3er Trimestre<\/td>\r\n<\/tr>\r\n<tr class=\"titulo\">\r\n<td class=\"info\" width=\"180\"><strong>Documento:<\/strong><\/td>\r\n<td class=\"default\"><a href=\"https:\/\/transparencia20212024.balancan.gob.mx\/wp-content\/uploads\/2024\/informacion_financiera\/3er_trimestre\/XXIC-Cuenta-Publica-3T-2024.pdf\" target=\"_blank\" rel=\"noopener\"><img decoding=\"async\" class=\"img-responsive\" src=\"https:\/\/20212024.balancan.gob.mx\/blog\/wp-content\/uploads\/2023\/01\/pdflogo-1.png\" width=\"36\" height=\"36\" \/><\/a><\/td>\r\n<\/tr>\r\n<tr class=\"titulo\">\r\n<td class=\"info\" width=\"180\"><strong>Fecha de Actualizaci\u00f3n:<\/strong><\/td>\r\n<td class=\"default\">24\/10\/2024<\/td>\r\n<\/tr>\r\n\r\n\r\n\r\n\r\n<\/tbody>\r\n<\/table>\t\t\t\t<\/div>\n\t\t\t\t<\/div>\n\t\t\t\t<div class=\"elementor-element elementor-element-5249e6d elementor-widget elementor-widget-html\" data-id=\"5249e6d\" data-element_type=\"widget\" data-e-type=\"widget\" data-widget_type=\"html.default\">\n\t\t\t\t<div class=\"elementor-widget-container\">\n\t\t\t\t\t<table class=\"table table-bordered\">\r\n<tbody>\r\n<tr class=\"titulo\">\r\n<td class=\"info\" width=\"180\"><strong>Descripci\u00f3n:<\/strong><\/td>\r\n<td class=\"default\">Ingresos 3er Trimestre<\/td>\r\n<\/tr>\r\n<tr class=\"titulo\">\r\n<td class=\"info\" width=\"180\"><strong>Documento:<\/strong><\/td>\r\n<td class=\"default\"><a href=\"https:\/\/transparencia20212024.balancan.gob.mx\/wp-content\/uploads\/2024\/informacion_financiera\/3er_trimestre\/XLIII-Ingresos-3T-2024.pdf\" target=\"_blank\" rel=\"noopener\"><img decoding=\"async\" class=\"img-responsive\" src=\"https:\/\/20212024.balancan.gob.mx\/blog\/wp-content\/uploads\/2023\/01\/pdflogo-1.png\" width=\"36\" height=\"36\" \/><\/a><\/td>\r\n<\/tr>\r\n<tr class=\"titulo\">\r\n<td class=\"info\" width=\"180\"><strong>Fecha de Actualizaci\u00f3n:<\/strong><\/td>\r\n<td class=\"default\">24\/10\/2024<\/td>\r\n<\/tr>\r\n\r\n\r\n\r\n\r\n<\/tbody>\r\n<\/table>\t\t\t\t<\/div>\n\t\t\t\t<\/div>\n\t\t\t\t<div class=\"elementor-element elementor-element-93016fb elementor-widget elementor-widget-html\" data-id=\"93016fb\" data-element_type=\"widget\" data-e-type=\"widget\" data-widget_type=\"html.default\">\n\t\t\t\t<div class=\"elementor-widget-container\">\n\t\t\t\t\t<table class=\"table table-bordered\">\r\n<tbody>\r\n<tr class=\"titulo\">\r\n<td class=\"info\" width=\"180\"><strong>Descripci\u00f3n:<\/strong><\/td>\r\n<td class=\"default\">Estado de Actividades<\/td>\r\n<\/tr>\r\n<tr class=\"titulo\">\r\n<td class=\"info\" width=\"180\"><strong>Documento:<\/strong><\/td>\r\n<td class=\"default\"><a href=\"https:\/\/transparencia20212024.balancan.gob.mx\/wp-content\/uploads\/2024\/02\/Estado-de-Actividades.pdf\" target=\"_blank\" rel=\"noopener\"><img decoding=\"async\" class=\"img-responsive\" src=\"https:\/\/20212024.balancan.gob.mx\/blog\/wp-content\/uploads\/2023\/01\/pdflogo-1.png\" width=\"36\" height=\"36\" \/><\/a><\/td>\r\n<\/tr>\r\n<tr class=\"titulo\">\r\n<td class=\"info\" width=\"180\"><strong>Fecha de Actualizaci\u00f3n:<\/strong><\/td>\r\n<td class=\"default\">16\/02\/2024<\/td>\r\n<\/tr>\r\n\r\n\r\n\r\n\r\n<\/tbody>\r\n<\/table>\t\t\t\t<\/div>\n\t\t\t\t<\/div>\n\t\t\t\t<div class=\"elementor-element elementor-element-085a5b5 elementor-widget elementor-widget-html\" data-id=\"085a5b5\" data-element_type=\"widget\" data-e-type=\"widget\" data-widget_type=\"html.default\">\n\t\t\t\t<div class=\"elementor-widget-container\">\n\t\t\t\t\t<table class=\"table table-bordered\">\r\n<tbody>\r\n<tr class=\"titulo\">\r\n<td class=\"info\" width=\"180\"><strong>Descripci\u00f3n:<\/strong><\/td>\r\n<td class=\"default\">Calendarizacion-de-Ingresos-2023-Transparencia<\/td>\r\n<\/tr>\r\n<tr class=\"titulo\">\r\n<td class=\"info\" width=\"180\"><strong>Documento:<\/strong><\/td>\r\n<td class=\"default\"><a href=\"https:\/\/transparencia20212024.balancan.gob.mx\/wp-content\/uploads\/2023\/11\/Calendarizacion-de-Ingresos-2023-Transparencia.pdf\" target=\"_blank\" rel=\"noopener\"><img decoding=\"async\" class=\"img-responsive\" src=\"https:\/\/20212024.balancan.gob.mx\/blog\/wp-content\/uploads\/2023\/01\/pdflogo-1.png\" width=\"36\" height=\"36\" \/><\/a><\/td>\r\n<\/tr>\r\n<tr class=\"titulo\">\r\n<td class=\"info\" width=\"180\"><strong>Fecha de Actualizaci\u00f3n:<\/strong><\/td>\r\n<td class=\"default\">13\/11\/2023<\/td>\r\n<\/tr>\r\n\r\n\r\n\r\n<\/tbody>\r\n<\/table>\t\t\t\t<\/div>\n\t\t\t\t<\/div>\n\t\t\t\t<div class=\"elementor-element elementor-element-2532090 elementor-widget elementor-widget-html\" data-id=\"2532090\" data-element_type=\"widget\" data-e-type=\"widget\" data-widget_type=\"html.default\">\n\t\t\t\t<div class=\"elementor-widget-container\">\n\t\t\t\t\t<table class=\"table table-bordered\">\r\n<tbody>\r\n<tr class=\"titulo\">\r\n<td class=\"info\" width=\"180\"><strong>Descripci\u00f3n:<\/strong><\/td>\r\n<td class=\"default\">Cuenta P\u00fablica 2023<\/td>\r\n<\/tr>\r\n<tr class=\"titulo\">\r\n<td class=\"info\" width=\"180\"><strong>Documento:<\/strong><\/td>\r\n<td class=\"default\"><a href=\"https:\/\/transparencia20212024.balancan.gob.mx\/wp-content\/uploads\/2023\/2023\/2023\/informacion_financiera\/anexo_IV_cuenta%20_anual_2023.pdf\" target=\"_blank\" rel=\"noopener\"><img decoding=\"async\" class=\"img-responsive\" src=\"https:\/\/20212024.balancan.gob.mx\/blog\/wp-content\/uploads\/2023\/01\/pdflogo-1.png\" width=\"36\" height=\"36\" \/><\/a><\/td>\r\n<\/tr>\r\n<tr class=\"titulo\">\r\n<td class=\"info\" width=\"180\"><strong>Fecha de Actualizaci\u00f3n:<\/strong><\/td>\r\n<td class=\"default\">30\/01\/2024<\/td>\r\n<\/tr>\r\n\r\n\r\n\r\n<\/tbody>\r\n<\/table>\t\t\t\t<\/div>\n\t\t\t\t<\/div>\n\t\t\t\t<div class=\"elementor-element elementor-element-6a860e1 elementor-widget elementor-widget-html\" data-id=\"6a860e1\" data-element_type=\"widget\" data-e-type=\"widget\" data-widget_type=\"html.default\">\n\t\t\t\t<div class=\"elementor-widget-container\">\n\t\t\t\t\t<table class=\"table table-bordered\">\r\n<tbody>\r\n<tr class=\"titulo\">\r\n<td class=\"info\" width=\"180\"><strong>Descripci\u00f3n:<\/strong><\/td>\r\n<td class=\"default\">Cuenta P\u00fablica 2023 Diciembre 2023 <\/td>\r\n<\/tr>\r\n<tr class=\"titulo\">\r\n<td class=\"info\" width=\"180\"><strong>Documento:<\/strong><\/td>\r\n<td class=\"default\"><a href=\"https:\/\/transparencia20212024.balancan.gob.mx\/wp-content\/uploads\/2023\/12\/CUENTA-PUBLICA-DICIEMBRE-2023.pdf\" target=\"_blank\" rel=\"noopener\"><img decoding=\"async\" class=\"img-responsive\" src=\"https:\/\/20212024.balancan.gob.mx\/blog\/wp-content\/uploads\/2023\/01\/pdflogo-1.png\" width=\"36\" height=\"36\" \/><\/a><\/td>\r\n<\/tr>\r\n<tr class=\"titulo\">\r\n<td class=\"info\" width=\"180\"><strong>Fecha de Actualizaci\u00f3n:<\/strong><\/td>\r\n<td class=\"default\">30\/01\/2024<\/td>\r\n<\/tr>\r\n\r\n\r\n\r\n<\/tbody>\r\n<\/table>\t\t\t\t<\/div>\n\t\t\t\t<\/div>\n\t\t\t\t<div class=\"elementor-element elementor-element-b3423fa elementor-widget elementor-widget-html\" data-id=\"b3423fa\" data-element_type=\"widget\" data-e-type=\"widget\" data-widget_type=\"html.default\">\n\t\t\t\t<div class=\"elementor-widget-container\">\n\t\t\t\t\t<table class=\"table table-bordered\">\r\n<tbody>\r\n<tr class=\"titulo\">\r\n<td class=\"info\" width=\"180\"><strong>Descripci\u00f3n:<\/strong><\/td>\r\n<td class=\"default\">Cuenta Publica Junio-2023<\/td>\r\n<\/tr>\r\n<tr class=\"titulo\">\r\n<td class=\"info\" width=\"180\"><strong>Documento:<\/strong><\/td>\r\n<td class=\"default\"><a href=\"https:\/\/transparencia20212024.balancan.gob.mx\/wp-content\/uploads\/2023\/08\/Cuenta-Junio-2023.pdf\" target=\"_blank\" rel=\"noopener\"><img decoding=\"async\" class=\"img-responsive\" src=\"https:\/\/20212024.balancan.gob.mx\/blog\/wp-content\/uploads\/2023\/01\/pdflogo-1.png\" width=\"36\" height=\"36\" \/><\/a><\/td>\r\n<\/tr>\r\n<tr class=\"titulo\">\r\n<td class=\"info\" width=\"180\"><strong>Fecha de Actualizaci\u00f3n:<\/strong><\/td>\r\n<td class=\"default\">09\/08\/2023<\/td>\r\n<\/tr>\r\n\r\n\r\n\r\n<\/tbody>\r\n<\/table>\t\t\t\t<\/div>\n\t\t\t\t<\/div>\n\t\t\t\t<div class=\"elementor-element elementor-element-2361476 elementor-widget elementor-widget-html\" data-id=\"2361476\" data-element_type=\"widget\" data-e-type=\"widget\" data-widget_type=\"html.default\">\n\t\t\t\t<div class=\"elementor-widget-container\">\n\t\t\t\t\t<table class=\"table table-bordered\">\r\n<tbody>\r\n<tr class=\"titulo\">\r\n<td class=\"info\" width=\"180\"><strong>Descripci\u00f3n:<\/strong><\/td>\r\n<td class=\"default\">Cuenta Publica 2022<\/td>\r\n<\/tr>\r\n<tr class=\"titulo\">\r\n<td class=\"info\" width=\"180\"><strong>Documento:<\/strong><\/td>\r\n<td class=\"default\"><a href=\"https:\/\/transparencia20212024.balancan.gob.mx\/wp-content\/uploads\/2023\/11\/CUENTA-PUB-ANUAL-2022_compressed.pdf\" target=\"_blank\" rel=\"noopener\"><img decoding=\"async\" class=\"img-responsive\" src=\"https:\/\/20212024.balancan.gob.mx\/blog\/wp-content\/uploads\/2023\/01\/pdflogo-1.png\" width=\"36\" height=\"36\" \/><\/a><\/td>\r\n<\/tr>\r\n<tr class=\"titulo\">\r\n<td class=\"info\" width=\"180\"><strong>Fecha de Actualizaci\u00f3n:<\/strong><\/td>\r\n<td class=\"default\">13\/11\/2023<\/td>\r\n<\/tr>\r\n\r\n\r\n\r\n<\/tbody>\r\n<\/table>\t\t\t\t<\/div>\n\t\t\t\t<\/div>\n\t\t\t\t<div class=\"elementor-element elementor-element-176e435 elementor-widget elementor-widget-html\" data-id=\"176e435\" data-element_type=\"widget\" data-e-type=\"widget\" data-widget_type=\"html.default\">\n\t\t\t\t<div class=\"elementor-widget-container\">\n\t\t\t\t\t<table class=\"table table-bordered\">\r\n<tbody>\r\n<tr class=\"titulo\">\r\n<td class=\"info\" width=\"180\"><strong>Descripci\u00f3n:<\/strong><\/td>\r\n<td class=\"default\">Cuenta Publica 2021<\/td>\r\n<\/tr>\r\n<tr class=\"titulo\">\r\n<td class=\"info\" width=\"180\"><strong>Documento:<\/strong><\/td>\r\n<td class=\"default\"><a href=\"https:\/\/transparencia20212024.balancan.gob.mx\/wp-content\/uploads\/2022\/11\/CUENTA-PUBLICA-ANUAL-2021-1.pdf\" target=\"_blank\" rel=\"noopener\"><img decoding=\"async\" class=\"img-responsive\" src=\"https:\/\/20212024.balancan.gob.mx\/blog\/wp-content\/uploads\/2023\/01\/pdflogo-1.png\" width=\"36\" height=\"36\" \/><\/a><\/td>\r\n<\/tr>\r\n<tr class=\"titulo\">\r\n<td class=\"info\" width=\"180\"><strong>Fecha de Actualizaci\u00f3n:<\/strong><\/td>\r\n<td class=\"default\">09\/08\/2023<\/td>\r\n<\/tr>\r\n\r\n\r\n\r\n<\/tbody>\r\n<\/table>\t\t\t\t<\/div>\n\t\t\t\t<\/div>\n\t\t\t\t\t<\/div>\n\t\t<\/div>\n\t\t\t\t\t<\/div>\n\t\t<\/section>\n\t\t\t\t<section class=\"elementor-section elementor-top-section elementor-element elementor-element-cf0f695 elementor-section-boxed elementor-section-height-default elementor-section-height-default\" data-id=\"cf0f695\" data-element_type=\"section\" data-e-type=\"section\">\n\t\t\t\t\t\t<div class=\"elementor-container elementor-column-gap-default\">\n\t\t\t\t\t<div class=\"elementor-column elementor-col-100 elementor-top-column elementor-element elementor-element-7c1d125\" data-id=\"7c1d125\" data-element_type=\"column\" data-e-type=\"column\">\n\t\t\t<div class=\"elementor-widget-wrap elementor-element-populated\">\n\t\t\t\t\t\t<div class=\"elementor-element elementor-element-520054f elementor-widget elementor-widget-html\" data-id=\"520054f\" data-element_type=\"widget\" data-e-type=\"widget\" data-widget_type=\"html.default\">\n\t\t\t\t<div class=\"elementor-widget-container\">\n\t\t\t\t\t<table class=\"table table-bordered\">\r\n<tbody>\r\n<tr class=\"titulo\">\r\n<td class=\"info\" width=\"180\"><strong>Descripci\u00f3n:<\/strong><\/td>\r\n<td class=\"default\">Cuenta Publica 2020<\/td>\r\n<\/tr>\r\n<tr class=\"titulo\">\r\n<td class=\"info\" width=\"180\"><strong>Documento:<\/strong><\/td>\r\n<td class=\"default\"><a href=\"http:\/\/transparencia.balancan.gob.mx\/wp-content\/uploads\/2022\/06\/CUENTA%20PUBLICA%20ANUAL%202020.pdf\" target=\"_blank\" rel=\"noopener\"><img decoding=\"async\" class=\"img-responsive\" src=\"https:\/\/20212024.balancan.gob.mx\/blog\/wp-content\/uploads\/2023\/01\/pdflogo-1.png\" width=\"36\" height=\"36\" \/><\/a><\/td>\r\n<\/tr>\r\n<tr class=\"titulo\">\r\n<td class=\"info\" width=\"180\"><strong>Fecha de Actualizaci\u00f3n:<\/strong><\/td>\r\n<td class=\"default\">09\/08\/2023<\/td>\r\n<\/tr>\r\n\r\n\r\n\r\n<\/tbody>\r\n<\/table>\t\t\t\t<\/div>\n\t\t\t\t<\/div>\n\t\t\t\t<div class=\"elementor-element elementor-element-35ce2d4 elementor-widget elementor-widget-html\" data-id=\"35ce2d4\" data-element_type=\"widget\" data-e-type=\"widget\" data-widget_type=\"html.default\">\n\t\t\t\t<div class=\"elementor-widget-container\">\n\t\t\t\t\t<table class=\"table table-bordered\">\r\n<tbody>\r\n<tr class=\"titulo\">\r\n<td class=\"info\" width=\"180\"><strong>Descripci\u00f3n:<\/strong><\/td>\r\n<td class=\"default\">Cuenta Publica 2019<\/td>\r\n<\/tr>\r\n<tr class=\"titulo\">\r\n<td class=\"info\" width=\"180\"><strong>Documento:<\/strong><\/td>\r\n<td class=\"default\"><a href=\"https:\/\/transparencia20212024.balancan.gob.mx\/wp-content\/uploads\/2023\/06\/CUENTA-PUBLICA-ANUAL-EJERCICIO-2019.pdf\" target=\"_blank\" rel=\"noopener\"><img decoding=\"async\" class=\"img-responsive\" src=\"https:\/\/20212024.balancan.gob.mx\/blog\/wp-content\/uploads\/2023\/01\/pdflogo-1.png\" width=\"36\" height=\"36\" \/><\/a><\/td>\r\n<\/tr>\r\n<tr class=\"titulo\">\r\n<td class=\"info\" width=\"180\"><strong>Fecha de Actualizaci\u00f3n:<\/strong><\/td>\r\n<td class=\"default\">09\/08\/2023<\/td>\r\n<\/tr>\r\n\r\n\r\n\r\n<\/tbody>\r\n<\/table>\t\t\t\t<\/div>\n\t\t\t\t<\/div>\n\t\t\t\t\t<\/div>\n\t\t<\/div>\n\t\t\t\t\t<\/div>\n\t\t<\/section>\n\t\t\t\t<\/div>\n\t\t","protected":false},"excerpt":{"rendered":"<p>I. Cuenta p\u00fablica Descripci\u00f3n: Cuenta P\u00fablica 4to Trimestre Anual Documento: Fecha de Actualizaci\u00f3n: 30\/01\/2025 Descripci\u00f3n: Deuda P\u00fablica 3er Trimestre Documento: Fecha de Actualizaci\u00f3n: 24\/10\/2024 Descripci\u00f3n: Cuenta P\u00fablica 3er Trimestre Documento: Fecha de Actualizaci\u00f3n: 24\/10\/2024 Descripci\u00f3n: Ingresos 3er Trimestre Documento: Fecha de Actualizaci\u00f3n: 24\/10\/2024 Descripci\u00f3n: Estado de Actividades Documento: Fecha de Actualizaci\u00f3n: 16\/02\/2024 Descripci\u00f3n: Calendarizacion-de-Ingresos-2023-Transparencia Documento: [&hellip;]<\/p>\n","protected":false},"author":1,"featured_media":0,"parent":0,"menu_order":0,"comment_status":"closed","ping_status":"closed","template":"","meta":{"site-sidebar-layout":"no-sidebar","site-content-layout":"page-builder","ast-site-content-layout":"default","site-content-style":"default","site-sidebar-style":"default","ast-global-header-display":"","ast-banner-title-visibility":"","ast-main-header-display":"","ast-hfb-above-header-display":"","ast-hfb-below-header-display":"","ast-hfb-mobile-header-display":"","site-post-title":"disabled","ast-breadcrumbs-content":"","ast-featured-img":"disabled","footer-sml-layout":"","ast-disable-related-posts":"","theme-transparent-header-meta":"default","adv-header-id-meta":"","stick-header-meta":"","header-above-stick-meta":"","header-main-stick-meta":"","header-below-stick-meta":"","astra-migrate-meta-layouts":"default","ast-page-background-enabled":"default","ast-page-background-meta":{"desktop":{"background-color":"","background-image":"","background-repeat":"repeat","background-position":"center center","background-size":"auto","background-attachment":"scroll","background-type":"","background-media":"","overlay-type":"","overlay-color":"","overlay-opacity":"","overlay-gradient":""},"tablet":{"background-color":"","background-image":"","background-repeat":"repeat","background-position":"center center","background-size":"auto","background-attachment":"scroll","background-type":"","background-media":"","overlay-type":"","overlay-color":"","overlay-opacity":"","overlay-gradient":""},"mobile":{"background-color":"","background-image":"","background-repeat":"repeat","background-position":"center center","background-size":"auto","background-attachment":"scroll","background-type":"","background-media":"","overlay-type":"","overlay-color":"","overlay-opacity":"","overlay-gradient":""}},"ast-content-background-meta":{"desktop":{"background-color":"var(--ast-global-color-5)","background-image":"","background-repeat":"repeat","background-position":"center center","background-size":"auto","background-attachment":"scroll","background-type":"","background-media":"","overlay-type":"","overlay-color":"","overlay-opacity":"","overlay-gradient":""},"tablet":{"background-color":"var(--ast-global-color-5)","background-image":"","background-repeat":"repeat","background-position":"center center","background-size":"auto","background-attachment":"scroll","background-type":"","background-media":"","overlay-type":"","overlay-color":"","overlay-opacity":"","overlay-gradient":""},"mobile":{"background-color":"var(--ast-global-color-5)","background-image":"","background-repeat":"repeat","background-position":"center center","background-size":"auto","background-attachment":"scroll","background-type":"","background-media":"","overlay-type":"","overlay-color":"","overlay-opacity":"","overlay-gradient":""}},"footnotes":""},"class_list":["post-4198","page","type-page","status-publish","hentry"],"_links":{"self":[{"href":"https:\/\/20212024.balancan.gob.mx\/blog\/wp-json\/wp\/v2\/pages\/4198","targetHints":{"allow":["GET"]}}],"collection":[{"href":"https:\/\/20212024.balancan.gob.mx\/blog\/wp-json\/wp\/v2\/pages"}],"about":[{"href":"https:\/\/20212024.balancan.gob.mx\/blog\/wp-json\/wp\/v2\/types\/page"}],"author":[{"embeddable":true,"href":"https:\/\/20212024.balancan.gob.mx\/blog\/wp-json\/wp\/v2\/users\/1"}],"replies":[{"embeddable":true,"href":"https:\/\/20212024.balancan.gob.mx\/blog\/wp-json\/wp\/v2\/comments?post=4198"}],"version-history":[{"count":79,"href":"https:\/\/20212024.balancan.gob.mx\/blog\/wp-json\/wp\/v2\/pages\/4198\/revisions"}],"predecessor-version":[{"id":5107,"href":"https:\/\/20212024.balancan.gob.mx\/blog\/wp-json\/wp\/v2\/pages\/4198\/revisions\/5107"}],"wp:attachment":[{"href":"https:\/\/20212024.balancan.gob.mx\/blog\/wp-json\/wp\/v2\/media?parent=4198"}],"curies":[{"name":"wp","href":"https:\/\/api.w.org\/{rel}","templated":true}]}}