{"id":4630,"date":"2024-02-22T02:25:56","date_gmt":"2024-02-22T02:25:56","guid":{"rendered":"https:\/\/20212024.balancan.gob.mx\/blog\/?page_id=4630"},"modified":"2024-02-22T04:43:49","modified_gmt":"2024-02-22T04:43:49","slug":"elementor-4630","status":"publish","type":"page","link":"https:\/\/20212024.balancan.gob.mx\/blog\/elementor-4630\/","title":{"rendered":"Elementor #4630"},"content":{"rendered":"\t\t<div data-elementor-type=\"wp-page\" data-elementor-id=\"4630\" class=\"elementor elementor-4630\">\n\t\t\t\t\t\t<section class=\"elementor-section elementor-top-section elementor-element elementor-element-4e26468 elementor-section-boxed elementor-section-height-default elementor-section-height-default\" data-id=\"4e26468\" data-element_type=\"section\" data-e-type=\"section\">\n\t\t\t\t\t\t<div class=\"elementor-container elementor-column-gap-default\">\n\t\t\t\t\t<div class=\"elementor-column elementor-col-100 elementor-top-column elementor-element elementor-element-a3dea4a\" data-id=\"a3dea4a\" data-element_type=\"column\" data-e-type=\"column\">\n\t\t\t<div class=\"elementor-widget-wrap elementor-element-populated\">\n\t\t\t\t\t\t<div class=\"elementor-element elementor-element-f1d4283 elementor-widget elementor-widget-heading\" data-id=\"f1d4283\" data-element_type=\"widget\" data-e-type=\"widget\" data-widget_type=\"heading.default\">\n\t\t\t\t<div class=\"elementor-widget-container\">\n\t\t\t\t\t<h2 class=\"elementor-heading-title elementor-size-default\"><h2 data-elementor-setting-key=\"title\" data-pen-placeholder=\"Teclea aqu\u00ed...\" style=\"font-style: normal;text-align: center\">Reglas De Operaci\u00f3n 2024<\/h2><\/h2>\t\t\t\t<\/div>\n\t\t\t\t<\/div>\n\t\t\t\t\t<\/div>\n\t\t<\/div>\n\t\t\t\t\t<\/div>\n\t\t<\/section>\n\t\t\t\t<section class=\"elementor-section elementor-top-section elementor-element elementor-element-2d08baf elementor-section-boxed elementor-section-height-default elementor-section-height-default\" data-id=\"2d08baf\" data-element_type=\"section\" data-e-type=\"section\">\n\t\t\t\t\t\t<div class=\"elementor-container elementor-column-gap-default\">\n\t\t\t\t\t<div class=\"elementor-column elementor-col-100 elementor-top-column elementor-element elementor-element-840e20b\" data-id=\"840e20b\" data-element_type=\"column\" data-e-type=\"column\">\n\t\t\t<div class=\"elementor-widget-wrap elementor-element-populated\">\n\t\t\t\t\t\t<div class=\"elementor-element elementor-element-ca7fb2c elementor-widget elementor-widget-html\" data-id=\"ca7fb2c\" data-element_type=\"widget\" data-e-type=\"widget\" data-widget_type=\"html.default\">\n\t\t\t\t<div class=\"elementor-widget-container\">\n\t\t\t\t\t<table class=\"table table-bordered\">\r\n<tbody>\r\n<tr class=\"titulo\">\r\n<td class=\"info\" width=\"180\"><strong>Descripci\u00f3n:<\/strong><\/td>\r\n<td class=\"default\">Regla de operaci\u00f3n Pesca de Robalo Balanc\u00e1n 2024 2023<\/td>\r\n<\/tr>\r\n<tr class=\"titulo\">\r\n<td class=\"info\" width=\"180\"><strong>Documento:<\/strong><\/td>\r\n<td class=\"default\"><a href=\"https:\/\/20212024.balancan.gob.mx\/blog\/wp-content\/uploads\/2024\/02\/Regla-de-operacion-Pesca-de-Robalo-Balancan-2024-2.pdf\" target=\"_blank\" rel=\"noopener\"><img decoding=\"async\" class=\"img-responsive\" src=\"https:\/\/20212024.balancan.gob.mx\/blog\/wp-content\/uploads\/2023\/01\/pdflogo-1.png\" width=\"36\" height=\"36\" \/><\/a><\/td>\r\n<\/tr>\r\n<tr class=\"titulo\">\r\n<td class=\"info\" width=\"180\"><strong>Fecha de Actualizaci\u00f3n:<\/strong><\/td>\r\n<td class=\"default\">12\/02\/2024<\/td>\r\n<\/tr>\r\n<\/tbody>\r\n<\/table>\t\t\t\t<\/div>\n\t\t\t\t<\/div>\n\t\t\t\t\t<\/div>\n\t\t<\/div>\n\t\t\t\t\t<\/div>\n\t\t<\/section>\n\t\t\t\t<\/div>\n\t\t","protected":false},"excerpt":{"rendered":"<p>Reglas De Operaci\u00f3n 2024 Descripci\u00f3n: Regla de operaci\u00f3n Pesca de Robalo Balanc\u00e1n 2024 2023 Documento: Fecha de Actualizaci\u00f3n: 12\/02\/2024<\/p>\n","protected":false},"author":1,"featured_media":0,"parent":0,"menu_order":0,"comment_status":"closed","ping_status":"closed","template":"","meta":{"site-sidebar-layout":"no-sidebar","site-content-layout":"page-builder","ast-site-content-layout":"default","site-content-style":"default","site-sidebar-style":"default","ast-global-header-display":"","ast-banner-title-visibility":"","ast-main-header-display":"","ast-hfb-above-header-display":"","ast-hfb-below-header-display":"","ast-hfb-mobile-header-display":"","site-post-title":"disabled","ast-breadcrumbs-content":"","ast-featured-img":"disabled","footer-sml-layout":"","ast-disable-related-posts":"","theme-transparent-header-meta":"","adv-header-id-meta":"","stick-header-meta":"","header-above-stick-meta":"","header-main-stick-meta":"","header-below-stick-meta":"","astra-migrate-meta-layouts":"default","ast-page-background-enabled":"default","ast-page-background-meta":{"desktop":{"background-color":"","background-image":"","background-repeat":"repeat","background-position":"center center","background-size":"auto","background-attachment":"scroll","background-type":"","background-media":"","overlay-type":"","overlay-color":"","overlay-opacity":"","overlay-gradient":""},"tablet":{"background-color":"","background-image":"","background-repeat":"repeat","background-position":"center center","background-size":"auto","background-attachment":"scroll","background-type":"","background-media":"","overlay-type":"","overlay-color":"","overlay-opacity":"","overlay-gradient":""},"mobile":{"background-color":"","background-image":"","background-repeat":"repeat","background-position":"center center","background-size":"auto","background-attachment":"scroll","background-type":"","background-media":"","overlay-type":"","overlay-color":"","overlay-opacity":"","overlay-gradient":""}},"ast-content-background-meta":{"desktop":{"background-color":"var(--ast-global-color-5)","background-image":"","background-repeat":"repeat","background-position":"center center","background-size":"auto","background-attachment":"scroll","background-type":"","background-media":"","overlay-type":"","overlay-color":"","overlay-opacity":"","overlay-gradient":""},"tablet":{"background-color":"var(--ast-global-color-5)","background-image":"","background-repeat":"repeat","background-position":"center center","background-size":"auto","background-attachment":"scroll","background-type":"","background-media":"","overlay-type":"","overlay-color":"","overlay-opacity":"","overlay-gradient":""},"mobile":{"background-color":"var(--ast-global-color-5)","background-image":"","background-repeat":"repeat","background-position":"center center","background-size":"auto","background-attachment":"scroll","background-type":"","background-media":"","overlay-type":"","overlay-color":"","overlay-opacity":"","overlay-gradient":""}},"footnotes":""},"class_list":["post-4630","page","type-page","status-publish","hentry"],"_links":{"self":[{"href":"https:\/\/20212024.balancan.gob.mx\/blog\/wp-json\/wp\/v2\/pages\/4630","targetHints":{"allow":["GET"]}}],"collection":[{"href":"https:\/\/20212024.balancan.gob.mx\/blog\/wp-json\/wp\/v2\/pages"}],"about":[{"href":"https:\/\/20212024.balancan.gob.mx\/blog\/wp-json\/wp\/v2\/types\/page"}],"author":[{"embeddable":true,"href":"https:\/\/20212024.balancan.gob.mx\/blog\/wp-json\/wp\/v2\/users\/1"}],"replies":[{"embeddable":true,"href":"https:\/\/20212024.balancan.gob.mx\/blog\/wp-json\/wp\/v2\/comments?post=4630"}],"version-history":[{"count":3,"href":"https:\/\/20212024.balancan.gob.mx\/blog\/wp-json\/wp\/v2\/pages\/4630\/revisions"}],"predecessor-version":[{"id":4635,"href":"https:\/\/20212024.balancan.gob.mx\/blog\/wp-json\/wp\/v2\/pages\/4630\/revisions\/4635"}],"wp:attachment":[{"href":"https:\/\/20212024.balancan.gob.mx\/blog\/wp-json\/wp\/v2\/media?parent=4630"}],"curies":[{"name":"wp","href":"https:\/\/api.w.org\/{rel}","templated":true}]}}